{"id":6944,"date":"2023-04-29T13:22:49","date_gmt":"2023-04-29T13:22:49","guid":{"rendered":"https:\/\/consultme.no\/wptest\/s-potrazivanje\/"},"modified":"2023-05-01T19:50:14","modified_gmt":"2023-05-01T19:50:14","slug":"s-potrazivanje","status":"publish","type":"page","link":"https:\/\/consultme.no\/wptest\/s-potrazivanje\/","title":{"rendered":"S. potrazivanje"},"content":{"rendered":"\t\t<div data-elementor-type=\"wp-page\" data-elementor-id=\"6944\" class=\"elementor elementor-6944\">\n\t\t\t\t<div class=\"elementor-element elementor-element-32ef92ce e-flex e-con-boxed e-con e-parent\" data-id=\"32ef92ce\" data-element_type=\"container\" data-core-v316-plus=\"true\">\n\t\t\t\t\t<div class=\"e-con-inner\">\n\t\t\t\t<div class=\"elementor-element elementor-element-42384d8 elementor-nav-menu__align-center elementor-widget__width-inherit elementor-nav-menu__text-align-center elementor-widget-mobile__width-initial e-transform elementor-hidden-tablet elementor-hidden-mobile elementor-nav-menu--dropdown-tablet elementor-invisible elementor-widget elementor-widget-global elementor-global-6923 elementor-widget-nav-menu\" data-id=\"42384d8\" data-element_type=\"widget\" data-settings=\"{&quot;_animation&quot;:&quot;fadeInDown&quot;,&quot;_transform_scale_effect&quot;:{&quot;unit&quot;:&quot;px&quot;,&quot;size&quot;:1.399999999999999911182158029987476766109466552734375,&quot;sizes&quot;:[]},&quot;layout&quot;:&quot;horizontal&quot;,&quot;submenu_icon&quot;:{&quot;value&quot;:&quot;fas fa-caret-down&quot;,&quot;library&quot;:&quot;fa-solid&quot;},&quot;_transform_scale_effect_tablet&quot;:{&quot;unit&quot;:&quot;px&quot;,&quot;size&quot;:&quot;&quot;,&quot;sizes&quot;:[]},&quot;_transform_scale_effect_mobile&quot;:{&quot;unit&quot;:&quot;px&quot;,&quot;size&quot;:&quot;&quot;,&quot;sizes&quot;:[]}}\" data-widget_type=\"nav-menu.default\">\n\t\t\t\t<div class=\"elementor-widget-container\">\n\t\t\t<link rel=\"stylesheet\" href=\"https:\/\/consultme.no\/wptest\/wp-content\/plugins\/pro-elements\/assets\/css\/widget-nav-menu.min.css\">\t\t\t<nav class=\"elementor-nav-menu--main elementor-nav-menu__container elementor-nav-menu--layout-horizontal e--pointer-text e--animation-grow\">\n\t\t\t\t<ul id=\"menu-1-42384d8\" class=\"elementor-nav-menu\"><li class=\"menu-item menu-item-type-post_type menu-item-object-page menu-item-home menu-item-7114\"><a href=\"https:\/\/consultme.no\/wptest\/\" class=\"elementor-item\">Po\u010detna<\/a><\/li>\n<li class=\"menu-item menu-item-type-post_type menu-item-object-page menu-item-7115\"><a href=\"https:\/\/consultme.no\/wptest\/usluge\/\" class=\"elementor-item\">Usluge<\/a><\/li>\n<li class=\"menu-item menu-item-type-post_type menu-item-object-page menu-item-7116\"><a href=\"https:\/\/consultme.no\/wptest\/informacije\/\" class=\"elementor-item\">Informacije<\/a><\/li>\n<li class=\"menu-item menu-item-type-post_type menu-item-object-page menu-item-7117\"><a href=\"https:\/\/consultme.no\/wptest\/kontakt\/\" class=\"elementor-item\">Kontakt<\/a><\/li>\n<li class=\"menu-item menu-item-type-post_type menu-item-object-page menu-item-8120\"><a href=\"https:\/\/consultme.no\/wptest\/uputstvo-2\/\" class=\"elementor-item\">Uputstvo<\/a><\/li>\n<li class=\"menu-item menu-item-type-post_type menu-item-object-page menu-item-8187\"><a href=\"https:\/\/consultme.no\/wptest\/spleis\/\" class=\"elementor-item\">Spleis<\/a><\/li>\n<li class=\"menu-item menu-item-type-post_type menu-item-object-page menu-item-8519\"><a href=\"https:\/\/consultme.no\/wptest\/osiguranje-2\/\" class=\"elementor-item\">Osiguranje<\/a><\/li>\n<\/ul>\t\t\t<\/nav>\n\t\t\t\t\t\t<nav class=\"elementor-nav-menu--dropdown elementor-nav-menu__container\" aria-hidden=\"true\">\n\t\t\t\t<ul id=\"menu-2-42384d8\" class=\"elementor-nav-menu\"><li class=\"menu-item menu-item-type-post_type menu-item-object-page menu-item-home menu-item-7114\"><a href=\"https:\/\/consultme.no\/wptest\/\" class=\"elementor-item\" tabindex=\"-1\">Po\u010detna<\/a><\/li>\n<li class=\"menu-item menu-item-type-post_type menu-item-object-page menu-item-7115\"><a href=\"https:\/\/consultme.no\/wptest\/usluge\/\" class=\"elementor-item\" tabindex=\"-1\">Usluge<\/a><\/li>\n<li class=\"menu-item menu-item-type-post_type menu-item-object-page menu-item-7116\"><a href=\"https:\/\/consultme.no\/wptest\/informacije\/\" class=\"elementor-item\" tabindex=\"-1\">Informacije<\/a><\/li>\n<li class=\"menu-item menu-item-type-post_type menu-item-object-page menu-item-7117\"><a href=\"https:\/\/consultme.no\/wptest\/kontakt\/\" class=\"elementor-item\" tabindex=\"-1\">Kontakt<\/a><\/li>\n<li class=\"menu-item menu-item-type-post_type menu-item-object-page menu-item-8120\"><a href=\"https:\/\/consultme.no\/wptest\/uputstvo-2\/\" class=\"elementor-item\" tabindex=\"-1\">Uputstvo<\/a><\/li>\n<li class=\"menu-item menu-item-type-post_type menu-item-object-page menu-item-8187\"><a href=\"https:\/\/consultme.no\/wptest\/spleis\/\" class=\"elementor-item\" tabindex=\"-1\">Spleis<\/a><\/li>\n<li class=\"menu-item menu-item-type-post_type menu-item-object-page menu-item-8519\"><a href=\"https:\/\/consultme.no\/wptest\/osiguranje-2\/\" class=\"elementor-item\" tabindex=\"-1\">Osiguranje<\/a><\/li>\n<\/ul>\t\t\t<\/nav>\n\t\t\t\t<\/div>\n\t\t\t\t<\/div>\n\t\t\t\t\t<\/div>\n\t\t\t\t<\/div>\n\t\t<div class=\"elementor-element elementor-element-7d9cfc81 e-flex e-con-boxed e-con e-parent\" data-id=\"7d9cfc81\" data-element_type=\"container\" data-core-v316-plus=\"true\">\n\t\t\t\t\t<div class=\"e-con-inner\">\n\t\t\t\t<div class=\"elementor-element elementor-element-4c1fb955 elementor-widget-mobile__width-inherit e-transform elementor-hidden-desktop elementor-widget elementor-widget-global elementor-global-7585 elementor-widget-pp-advanced-menu\" data-id=\"4c1fb955\" data-element_type=\"widget\" data-settings=\"{&quot;show_submenu_on&quot;:&quot;click&quot;,&quot;motion_fx_motion_fx_scrolling&quot;:&quot;yes&quot;,&quot;sticky&quot;:&quot;top&quot;,&quot;sticky_offset_mobile&quot;:0,&quot;_transform_scale_effect_mobile&quot;:{&quot;unit&quot;:&quot;px&quot;,&quot;size&quot;:1.100000000000000088817841970012523233890533447265625,&quot;sizes&quot;:[]},&quot;layout&quot;:&quot;horizontal&quot;,&quot;submenu_icon&quot;:{&quot;value&quot;:&quot;fas fa-caret-down&quot;,&quot;library&quot;:&quot;fa-solid&quot;},&quot;motion_fx_devices&quot;:[&quot;desktop&quot;,&quot;tablet&quot;,&quot;mobile&quot;],&quot;sticky_on&quot;:[&quot;desktop&quot;,&quot;tablet&quot;,&quot;mobile&quot;],&quot;sticky_offset&quot;:0,&quot;sticky_effects_offset&quot;:0,&quot;_transform_scale_effect&quot;:{&quot;unit&quot;:&quot;px&quot;,&quot;size&quot;:&quot;&quot;,&quot;sizes&quot;:[]},&quot;_transform_scale_effect_tablet&quot;:{&quot;unit&quot;:&quot;px&quot;,&quot;size&quot;:&quot;&quot;,&quot;sizes&quot;:[]}}\" data-widget_type=\"pp-advanced-menu.default\">\n\t\t\t\t<div class=\"elementor-widget-container\">\n\t\t\t\n\t\t\t\t<div class=\"pp-advanced-menu-main-wrapper pp-advanced-menu__align-center pp-advanced-menu--dropdown-none pp-advanced-menu--type- pp-advanced-menu__text-align- pp-advanced-menu--toggle pp-advanced-menu--\">\n\t\t\t\t\t\t\t\t<nav id=\"pp-menu-4c1fb955\" class=\"pp-advanced-menu--main pp-advanced-menu__container pp-advanced-menu--layout-horizontal pp--pointer-text e--animation-grow\" data-settings=\"{&quot;menu_id&quot;:&quot;4c1fb955&quot;,&quot;breakpoint&quot;:&quot;none&quot;}\"><ul id=\"menu-djurinac-konsulent\" class=\"pp-advanced-menu\"><li class=\"menu-item menu-item-type-post_type menu-item-object-page menu-item-home menu-item-7114\"><a href=\"https:\/\/consultme.no\/wptest\/\" class=\"pp-menu-item\">Po\u010detna<\/a><\/li>\n<li class=\"menu-item menu-item-type-post_type menu-item-object-page menu-item-7115\"><a href=\"https:\/\/consultme.no\/wptest\/usluge\/\" class=\"pp-menu-item\">Usluge<\/a><\/li>\n<li class=\"menu-item menu-item-type-post_type menu-item-object-page menu-item-7116\"><a href=\"https:\/\/consultme.no\/wptest\/informacije\/\" class=\"pp-menu-item\">Informacije<\/a><\/li>\n<li class=\"menu-item menu-item-type-post_type menu-item-object-page menu-item-7117\"><a href=\"https:\/\/consultme.no\/wptest\/kontakt\/\" class=\"pp-menu-item\">Kontakt<\/a><\/li>\n<li class=\"menu-item menu-item-type-post_type menu-item-object-page menu-item-8120\"><a href=\"https:\/\/consultme.no\/wptest\/uputstvo-2\/\" class=\"pp-menu-item\">Uputstvo<\/a><\/li>\n<li class=\"menu-item menu-item-type-post_type menu-item-object-page menu-item-8187\"><a href=\"https:\/\/consultme.no\/wptest\/spleis\/\" class=\"pp-menu-item\">Spleis<\/a><\/li>\n<li class=\"menu-item menu-item-type-post_type menu-item-object-page menu-item-8519\"><a href=\"https:\/\/consultme.no\/wptest\/osiguranje-2\/\" class=\"pp-menu-item\">Osiguranje<\/a><\/li>\n<\/ul><\/nav>\n\t\t\t\t\t\t\t\t\t\t<\/div>\n\t\t\t\t\t\t<\/div>\n\t\t\t\t<\/div>\n\t\t\t\t\t<\/div>\n\t\t\t\t<\/div>\n\t\t<div class=\"elementor-element elementor-element-5ad17445 e-flex e-con-boxed e-con e-parent\" data-id=\"5ad17445\" data-element_type=\"container\" data-core-v316-plus=\"true\">\n\t\t\t\t\t<div class=\"e-con-inner\">\n\t\t\t\t<div class=\"elementor-element elementor-element-6bba80dd elementor-widget elementor-widget-heading\" data-id=\"6bba80dd\" data-element_type=\"widget\" data-widget_type=\"heading.default\">\n\t\t\t\t<div class=\"elementor-widget-container\">\n\t\t\t<style>\/*! elementor - v3.20.0 - 26-03-2024 *\/\n.elementor-heading-title{padding:0;margin:0;line-height:1}.elementor-widget-heading .elementor-heading-title[class*=elementor-size-]>a{color:inherit;font-size:inherit;line-height:inherit}.elementor-widget-heading .elementor-heading-title.elementor-size-small{font-size:15px}.elementor-widget-heading .elementor-heading-title.elementor-size-medium{font-size:19px}.elementor-widget-heading .elementor-heading-title.elementor-size-large{font-size:29px}.elementor-widget-heading .elementor-heading-title.elementor-size-xl{font-size:39px}.elementor-widget-heading .elementor-heading-title.elementor-size-xxl{font-size:59px}<\/style><h2 class=\"elementor-heading-title elementor-size-default\">Zahtev za potrazivanje novca<\/h2>\t\t<\/div>\n\t\t\t\t<\/div>\n\t\t\t\t\t<\/div>\n\t\t\t\t<\/div>\n\t\t<div class=\"elementor-element elementor-element-179ae9c e-flex e-con-boxed e-con e-parent\" data-id=\"179ae9c\" data-element_type=\"container\" data-core-v316-plus=\"true\">\n\t\t\t\t\t<div class=\"e-con-inner\">\n\t\t\t\t<div class=\"elementor-element elementor-element-54c42c6 pp-formidable-forms-labels-yes pp-formidable-forms-button-custom elementor-widget elementor-widget-pp-formidable-forms\" data-id=\"54c42c6\" data-element_type=\"widget\" data-widget_type=\"pp-formidable-forms.default\">\n\t\t\t\t<div class=\"elementor-widget-container\">\n\t\t\t\t\t\t\t<div class=\"pp-contact-form pp-formidable-forms\">\n\t\t\t\t\t\t\t\t\t\t<div class=\"frm_forms  with_frm_style frm_style_formidable-style\" id=\"frm_form_23_container\" data-token=\"bd59e01b75f5b403896ea13bcbff6301\">\n<form enctype=\"multipart\/form-data\" method=\"post\" class=\"frm-show-form  frm_js_validate  frm_pro_form  frm_slideup \" id=\"form_potrazivanje\"  data-token=\"bd59e01b75f5b403896ea13bcbff6301\">\n<div class=\"frm_form_fields  frm_page_num_1\">\n<fieldset>\n<legend class=\"frm_screen_reader\">Potrazivanje<\/legend>\r\n\r\n<div class=\"frm_fields_container\">\n<input type=\"hidden\" name=\"frm_action\" value=\"create\" \/>\n<input type=\"hidden\" name=\"form_id\" value=\"23\" \/>\n<input type=\"hidden\" name=\"frm_hide_fields_23\" id=\"frm_hide_fields_23\" value=\"\" \/>\n<input type=\"hidden\" name=\"form_key\" value=\"potrazivanje\" \/>\n<input type=\"hidden\" name=\"item_meta[0]\" value=\"\" \/>\n<input type=\"hidden\" id=\"frm_submit_entry_23\" name=\"frm_submit_entry_23\" value=\"8a1a90068b\" \/><input type=\"hidden\" name=\"_wp_http_referer\" value=\"\/wptest\/wp-json\/wp\/v2\/pages\/6944\" \/><div id=\"frm_field_694_container\" class=\"frm_form_field  frm12 frm_first frm_html_container form-field\">\n<h2>Li\u010dne informacije<\/h2>\n<\/div>\n<div id=\"frm_field_688_container\" class=\"frm_form_field form-field  frm_top_container frm12 frm_first\">\r\n    <label for=\"field_j4p0g\" id=\"field_j4p0g_label\" class=\"frm_primary_label\">Ime i prezime\r\n        <span class=\"frm_required\" aria-hidden=\"true\"><\/span>\r\n    <\/label>\r\n    <input type=\"text\" id=\"field_j4p0g\" name=\"item_meta[688]\" value=\"\"  data-invmsg=\"Text is invalid\" aria-invalid=\"false\"  \/>\r\n    \r\n    \r\n<\/div>\n<div id=\"frm_field_689_container\" class=\"frm_form_field form-field  frm_top_container\">\r\n    <label for=\"field_o683h\" id=\"field_o683h_label\" class=\"frm_primary_label\">Adresa\r\n        <span class=\"frm_required\" aria-hidden=\"true\"><\/span>\r\n    <\/label>\r\n    <input type=\"text\" id=\"field_o683h\" name=\"item_meta[689]\" value=\"\"  data-invmsg=\"Text is invalid\" aria-invalid=\"false\"  \/>\r\n    \r\n    \r\n<\/div>\n<div id=\"frm_field_690_container\" class=\"frm_form_field form-field  frm_top_container\">\r\n    <label for=\"field_wti33\" id=\"field_wti33_label\" class=\"frm_primary_label\">Po\u0161tanski broj i grad\r\n        <span class=\"frm_required\" aria-hidden=\"true\"><\/span>\r\n    <\/label>\r\n    <input type=\"text\" id=\"field_wti33\" name=\"item_meta[690]\" value=\"\"  data-invmsg=\"Text is invalid\" aria-invalid=\"false\"  \/>\r\n    \r\n    \r\n<\/div>\n<div id=\"frm_field_691_container\" class=\"frm_form_field form-field  frm_top_container\">\r\n    <label for=\"field_at2m2\" id=\"field_at2m2_label\" class=\"frm_primary_label\">E-mail\r\n        <span class=\"frm_required\" aria-hidden=\"true\"><\/span>\r\n    <\/label>\r\n    <input type=\"text\" id=\"field_at2m2\" name=\"item_meta[691]\" value=\"\"  data-invmsg=\"Text is invalid\" aria-invalid=\"false\"  \/>\r\n    \r\n    \r\n<\/div>\n<div id=\"frm_field_692_container\" class=\"frm_form_field form-field  frm_top_container\">\r\n    <label for=\"field_1gzzk\" id=\"field_1gzzk_label\" class=\"frm_primary_label\">Broj telefona\r\n        <span class=\"frm_required\" aria-hidden=\"true\"><\/span>\r\n    <\/label>\r\n    <input type=\"tel\" id=\"field_1gzzk\" name=\"item_meta[692]\" value=\"\"  data-invmsg=\"Phone is invalid\" aria-invalid=\"false\" pattern=\"((\\+\\d{1,3}(-|.| )?\\(?\\d\\)?(-| |.)?\\d{1,5})|(\\(?\\d{2,6}\\)?))(-|.| )?(\\d{3,4})(-|.| )?(\\d{4})(( x| ext)\\d{1,5}){0,1}$\"  \/>\r\n    \r\n    \r\n<\/div>\n<input type=\"hidden\" name=\"frm_page_order_23\" id=\"frm_page_order_23\" value=\"14\" \/><input type=\"hidden\" name=\"item_meta[697]\" id=\"field_u68f9\" value=\"Privatnog lica\"  data-frmval=\"Privatnog lica\" data-invmsg=\"Potra\u017eujem novac od is invalid\"   \/>\n<input type=\"hidden\" name=\"item_meta[698]\" id=\"field_8tyz2\" value=\"\"  data-invmsg=\"Text is invalid\"   \/>\n<input type=\"hidden\" name=\"item_meta[699]\" id=\"field_5esxb\" value=\"\"  data-invmsg=\"Text is invalid\"   \/>\n<input type=\"hidden\" name=\"item_meta[700]\" id=\"field_p2izn\" value=\"\"  data-invmsg=\"Text is invalid\"   \/>\n<input type=\"hidden\" name=\"item_meta[701]\" id=\"field_2rc1j\" value=\"\" \/>\n\t\t\t<input type=\"hidden\" name=\"item_meta[702]\" id=\"field_i7aog\" value=\"\"  data-invmsg=\"Section Buttons is invalid\"   \/>\n<input type=\"hidden\" name=\"item_meta[705]\" id=\"field_yyrsr\" value=\"\"  data-invmsg=\"Number is invalid\"   \/>\n<input type=\"hidden\" name=\"item_meta[706]\" id=\"field_f3m9o\" value=\"\"  data-invmsg=\"Nepodr\u017eani fajl\"   \/>\n<input type=\"hidden\" name=\"item_meta[707]\" id=\"field_tgoqe\" value=\"\"  data-invmsg=\"Nepodr\u017eani fajl\"   \/>\n<input type=\"hidden\" name=\"item_meta[708]\" id=\"field_ikgl0\" value=\"\"  data-invmsg=\"Slede\u0107a strana is invalid\"   \/>\n<input type=\"hidden\" name=\"item_meta[710]\" id=\"field_dj1k3\" value=\"\"  data-invmsg=\"Text is invalid\"   \/>\n<input type=\"hidden\" name=\"item_meta[711]\" id=\"field_rrtvt-0\" value=\"\"  data-invmsg=\"Da li se banka nalazi u Norve\u0161koj is invalid\"   \/>\n<input type=\"hidden\" name=\"item_meta[712]\" id=\"field_742mi\" value=\"\"  data-invmsg=\"Text is invalid\"   \/>\n<input type=\"hidden\" name=\"item_meta[713]\" id=\"field_shxae\" value=\"\"  data-invmsg=\"Text is invalid\"   \/>\n<input type=\"hidden\" name=\"item_meta[714]\" id=\"field_neose\" value=\"\"  data-invmsg=\"Text is invalid\"   \/>\n<input type=\"hidden\" name=\"item_meta[715]\" id=\"field_tmnp7\" value=\"\"  data-invmsg=\"Text is invalid\"   \/>\n<input type=\"hidden\" name=\"item_meta[718]\" id=\"field_d6hpn\" value=\"\"  data-invmsg=\"Slede\u0107a strana is invalid\"   \/>\n<input type=\"hidden\" name=\"item_meta[717]\" id=\"field_s2as1\" value=\"\"  data-invmsg=\"Text is invalid\"   \/>\n<input type=\"hidden\" name=\"item_meta[719]\" id=\"field_kckc-0\" value=\"\"  data-reqmsg=\"Da biste podneli zahtev neophodno je da prihvatite sve uslove kori\u0161\u0107enja i informi\u0161ete se o njima.\" aria-required=\"true\" data-invmsg=\"Uslovi kori\u0161\u0107enja is invalid\"   \/>\n\t<input type=\"hidden\" name=\"item_key\" value=\"\" \/>\n\t\t\t\t<div class=\"frm_verify\" aria-hidden=\"true\">\n\t\t\t\t<label for=\"frm_email_23\">\n\t\t\t\t\tIf you are human, leave this field blank.\t\t\t\t<\/label>\n\t\t\t\t<input type=\"text\" class=\"frm_verify\" id=\"frm_email_23\" name=\"frm_verify\" value=\"\"  \/>\n\t\t\t<\/div>\n\t\t<input name=\"frm_state\" type=\"hidden\" value=\"f7ZUBdqGw8IsVigyIACjpNVlPga0a9NHFihuPa8\/2AE=\" \/><div class=\"frm_submit\">\r\n\r\n<button class=\"frm_button_submit\" type=\"submit\"  >Slede\u0107a strana<\/button>\r\n\r\n\r\n<\/div><\/div>\n<\/fieldset>\n<\/div>\n<\/form>\n<\/div>\n\t\t\t\t<\/div>\n\t\t\t\t\t\t<\/div>\n\t\t\t\t<\/div>\n\t\t\t\t\t<\/div>\n\t\t\t\t<\/div>\n\t\t<footer class=\"elementor-element elementor-element-7649e23a e-flex e-con-boxed e-con e-parent\" data-id=\"7649e23a\" data-element_type=\"container\" data-core-v316-plus=\"true\">\n\t\t\t\t\t<div class=\"e-con-inner\">\n\t\t\t\t<div class=\"elementor-element elementor-element-6806076d elementor-widget elementor-widget-heading\" data-id=\"6806076d\" data-element_type=\"widget\" data-widget_type=\"heading.default\">\n\t\t\t\t<div class=\"elementor-widget-container\">\n\t\t\t<p class=\"elementor-heading-title elementor-size-default\">Djurinac Konsulent<\/p>\t\t<\/div>\n\t\t\t\t<\/div>\n\t\t\t\t<div class=\"elementor-element elementor-element-2622611e elementor-widget elementor-widget-heading\" data-id=\"2622611e\" data-element_type=\"widget\" data-widget_type=\"heading.default\">\n\t\t\t\t<div class=\"elementor-widget-container\">\n\t\t\t<p class=\"elementor-heading-title elementor-size-default\">Org No.<\/p>\t\t<\/div>\n\t\t\t\t<\/div>\n\t\t\t\t<div class=\"elementor-element elementor-element-5a53008 elementor-widget elementor-widget-heading\" data-id=\"5a53008\" data-element_type=\"widget\" data-widget_type=\"heading.default\">\n\t\t\t\t<div class=\"elementor-widget-container\">\n\t\t\t<p class=\"elementor-heading-title elementor-size-default\"><a href=\"file:\/\/\/C:\/Users\/Martin\/AppData\/Local\/Programs\/bstudio\/resources\/app.asar\/app\/index.html?server=https%3A%2F%2Fbootstrapstudio.io&amp;version=6.4.1#\" style=\"color: rgb(52, 58, 64); min-height: 1em; font-family: Raleway, &quot;Helvetica Neue&quot;, Helvetica, Arial, sans-serif; font-size: 16px; font-weight: 400; white-space: normal; background-color: rgb(255, 255, 255); cursor: initial !important; pointer-events: all !important; transition: none 0s ease 0s !important; box-shadow: -1px -1px 1px var(--box-highlight), 1px 1px 1px var(--box-highlight), 0 0 11px var(--box-highlight)  !important; outline: none !important; -webkit-user-modify: read-write !important;\"><span style=\"color: rgb(51, 51, 51); cursor: initial !important; pointer-events: all !important; transition: none 0s ease 0s !important;\">916 140 231<\/span><\/a><\/p>\t\t<\/div>\n\t\t\t\t<\/div>\n\t\t\t\t<div class=\"elementor-element elementor-element-367b2994 elementor-widget-divider--view-line elementor-widget elementor-widget-divider\" data-id=\"367b2994\" data-element_type=\"widget\" data-widget_type=\"divider.default\">\n\t\t\t\t<div class=\"elementor-widget-container\">\n\t\t\t<style>\/*! elementor - v3.20.0 - 26-03-2024 *\/\n.elementor-widget-divider{--divider-border-style:none;--divider-border-width:1px;--divider-color:#0c0d0e;--divider-icon-size:20px;--divider-element-spacing:10px;--divider-pattern-height:24px;--divider-pattern-size:20px;--divider-pattern-url:none;--divider-pattern-repeat:repeat-x}.elementor-widget-divider .elementor-divider{display:flex}.elementor-widget-divider .elementor-divider__text{font-size:15px;line-height:1;max-width:95%}.elementor-widget-divider .elementor-divider__element{margin:0 var(--divider-element-spacing);flex-shrink:0}.elementor-widget-divider .elementor-icon{font-size:var(--divider-icon-size)}.elementor-widget-divider .elementor-divider-separator{display:flex;margin:0;direction:ltr}.elementor-widget-divider--view-line_icon .elementor-divider-separator,.elementor-widget-divider--view-line_text .elementor-divider-separator{align-items:center}.elementor-widget-divider--view-line_icon .elementor-divider-separator:after,.elementor-widget-divider--view-line_icon .elementor-divider-separator:before,.elementor-widget-divider--view-line_text .elementor-divider-separator:after,.elementor-widget-divider--view-line_text .elementor-divider-separator:before{display:block;content:\"\";border-block-end:0;flex-grow:1;border-block-start:var(--divider-border-width) var(--divider-border-style) var(--divider-color)}.elementor-widget-divider--element-align-left .elementor-divider .elementor-divider-separator>.elementor-divider__svg:first-of-type{flex-grow:0;flex-shrink:100}.elementor-widget-divider--element-align-left .elementor-divider-separator:before{content:none}.elementor-widget-divider--element-align-left .elementor-divider__element{margin-left:0}.elementor-widget-divider--element-align-right .elementor-divider .elementor-divider-separator>.elementor-divider__svg:last-of-type{flex-grow:0;flex-shrink:100}.elementor-widget-divider--element-align-right .elementor-divider-separator:after{content:none}.elementor-widget-divider--element-align-right .elementor-divider__element{margin-right:0}.elementor-widget-divider--element-align-start .elementor-divider .elementor-divider-separator>.elementor-divider__svg:first-of-type{flex-grow:0;flex-shrink:100}.elementor-widget-divider--element-align-start .elementor-divider-separator:before{content:none}.elementor-widget-divider--element-align-start .elementor-divider__element{margin-inline-start:0}.elementor-widget-divider--element-align-end .elementor-divider .elementor-divider-separator>.elementor-divider__svg:last-of-type{flex-grow:0;flex-shrink:100}.elementor-widget-divider--element-align-end .elementor-divider-separator:after{content:none}.elementor-widget-divider--element-align-end .elementor-divider__element{margin-inline-end:0}.elementor-widget-divider:not(.elementor-widget-divider--view-line_text):not(.elementor-widget-divider--view-line_icon) .elementor-divider-separator{border-block-start:var(--divider-border-width) var(--divider-border-style) var(--divider-color)}.elementor-widget-divider--separator-type-pattern{--divider-border-style:none}.elementor-widget-divider--separator-type-pattern.elementor-widget-divider--view-line .elementor-divider-separator,.elementor-widget-divider--separator-type-pattern:not(.elementor-widget-divider--view-line) .elementor-divider-separator:after,.elementor-widget-divider--separator-type-pattern:not(.elementor-widget-divider--view-line) .elementor-divider-separator:before,.elementor-widget-divider--separator-type-pattern:not([class*=elementor-widget-divider--view]) .elementor-divider-separator{width:100%;min-height:var(--divider-pattern-height);-webkit-mask-size:var(--divider-pattern-size) 100%;mask-size:var(--divider-pattern-size) 100%;-webkit-mask-repeat:var(--divider-pattern-repeat);mask-repeat:var(--divider-pattern-repeat);background-color:var(--divider-color);-webkit-mask-image:var(--divider-pattern-url);mask-image:var(--divider-pattern-url)}.elementor-widget-divider--no-spacing{--divider-pattern-size:auto}.elementor-widget-divider--bg-round{--divider-pattern-repeat:round}.rtl .elementor-widget-divider .elementor-divider__text{direction:rtl}.e-con-inner>.elementor-widget-divider,.e-con>.elementor-widget-divider{width:var(--container-widget-width,100%);--flex-grow:var(--container-widget-flex-grow)}<\/style>\t\t<div class=\"elementor-divider\">\n\t\t\t<span class=\"elementor-divider-separator\">\n\t\t\t\t\t\t<\/span>\n\t\t<\/div>\n\t\t\t\t<\/div>\n\t\t\t\t<\/div>\n\t\t\t\t<div class=\"elementor-element elementor-element-64d257be elementor-widget elementor-widget-heading\" data-id=\"64d257be\" data-element_type=\"widget\" data-widget_type=\"heading.default\">\n\t\t\t\t<div class=\"elementor-widget-container\">\n\t\t\t<h2 class=\"elementor-heading-title elementor-size-default\"><span style=\"color: rgb(78, 93, 120); font-family: Raleway, &quot;Helvetica Neue&quot;, Helvetica, Arial, sans-serif; font-size: 16px; font-weight: 400; white-space: normal;\">Copyright \u00a9 2023 Djurinac Konsulent<\/span><\/h2>\t\t<\/div>\n\t\t\t\t<\/div>\n\t\t\t\t\t<\/div>\n\t\t\t\t<\/footer>\n\t\t\t\t<\/div>\n\t\t","protected":false},"excerpt":{"rendered":"<p>Zahtev za potrazivanje novca Potrazivanje Li\u010dne informacije Ime i prezime Adresa Po\u0161tanski broj i grad E-mail Broj telefona If you are human, leave this field blank. Slede\u0107a strana Djurinac Konsulent Org No. 916 140 231 Copyright \u00a9 2023 Djurinac Konsulent<\/p>\n","protected":false},"author":1,"featured_media":0,"parent":0,"menu_order":0,"comment_status":"closed","ping_status":"closed","template":"","meta":{"footnotes":""},"class_list":["post-6944","page","type-page","status-publish","hentry"],"_links":{"self":[{"href":"https:\/\/consultme.no\/wptest\/wp-json\/wp\/v2\/pages\/6944","targetHints":{"allow":["GET"]}}],"collection":[{"href":"https:\/\/consultme.no\/wptest\/wp-json\/wp\/v2\/pages"}],"about":[{"href":"https:\/\/consultme.no\/wptest\/wp-json\/wp\/v2\/types\/page"}],"author":[{"embeddable":true,"href":"https:\/\/consultme.no\/wptest\/wp-json\/wp\/v2\/users\/1"}],"replies":[{"embeddable":true,"href":"https:\/\/consultme.no\/wptest\/wp-json\/wp\/v2\/comments?post=6944"}],"version-history":[{"count":0,"href":"https:\/\/consultme.no\/wptest\/wp-json\/wp\/v2\/pages\/6944\/revisions"}],"wp:attachment":[{"href":"https:\/\/consultme.no\/wptest\/wp-json\/wp\/v2\/media?parent=6944"}],"curies":[{"name":"wp","href":"https:\/\/api.w.org\/{rel}","templated":true}]}}