{"id":6959,"date":"2023-04-29T13:22:50","date_gmt":"2023-04-29T13:22:50","guid":{"rendered":"https:\/\/consultme.no\/wptest\/upitnik\/"},"modified":"2023-05-01T20:01:45","modified_gmt":"2023-05-01T20:01:45","slug":"upitnik","status":"publish","type":"page","link":"https:\/\/consultme.no\/wptest\/upitnik\/","title":{"rendered":"Upitnik"},"content":{"rendered":"\t\t<div data-elementor-type=\"wp-page\" data-elementor-id=\"6959\" class=\"elementor elementor-6959\">\n\t\t\t\t<div class=\"elementor-element elementor-element-5d8eea5a e-flex e-con-boxed e-con e-parent\" data-id=\"5d8eea5a\" data-element_type=\"container\" data-core-v316-plus=\"true\">\n\t\t\t\t\t<div class=\"e-con-inner\">\n\t\t\t\t<div class=\"elementor-element elementor-element-42c30f2a elementor-nav-menu__align-center elementor-widget__width-inherit elementor-nav-menu__text-align-center elementor-widget-mobile__width-initial e-transform elementor-hidden-tablet elementor-hidden-mobile elementor-nav-menu--dropdown-tablet elementor-invisible elementor-widget elementor-widget-global elementor-global-6923 elementor-widget-nav-menu\" data-id=\"42c30f2a\" data-element_type=\"widget\" data-settings=\"{&quot;_animation&quot;:&quot;fadeInDown&quot;,&quot;_transform_scale_effect&quot;:{&quot;unit&quot;:&quot;px&quot;,&quot;size&quot;:1.399999999999999911182158029987476766109466552734375,&quot;sizes&quot;:[]},&quot;layout&quot;:&quot;horizontal&quot;,&quot;submenu_icon&quot;:{&quot;value&quot;:&quot;fas fa-caret-down&quot;,&quot;library&quot;:&quot;fa-solid&quot;},&quot;_transform_scale_effect_tablet&quot;:{&quot;unit&quot;:&quot;px&quot;,&quot;size&quot;:&quot;&quot;,&quot;sizes&quot;:[]},&quot;_transform_scale_effect_mobile&quot;:{&quot;unit&quot;:&quot;px&quot;,&quot;size&quot;:&quot;&quot;,&quot;sizes&quot;:[]}}\" data-widget_type=\"nav-menu.default\">\n\t\t\t\t<div class=\"elementor-widget-container\">\n\t\t\t<link rel=\"stylesheet\" href=\"https:\/\/consultme.no\/wptest\/wp-content\/plugins\/pro-elements\/assets\/css\/widget-nav-menu.min.css\">\t\t\t<nav class=\"elementor-nav-menu--main elementor-nav-menu__container elementor-nav-menu--layout-horizontal e--pointer-text e--animation-grow\">\n\t\t\t\t<ul id=\"menu-1-42c30f2a\" class=\"elementor-nav-menu\"><li class=\"menu-item menu-item-type-post_type menu-item-object-page menu-item-home menu-item-7114\"><a href=\"https:\/\/consultme.no\/wptest\/\" class=\"elementor-item\">Po\u010detna<\/a><\/li>\n<li class=\"menu-item menu-item-type-post_type menu-item-object-page menu-item-7115\"><a href=\"https:\/\/consultme.no\/wptest\/usluge\/\" class=\"elementor-item\">Usluge<\/a><\/li>\n<li class=\"menu-item menu-item-type-post_type menu-item-object-page menu-item-7116\"><a href=\"https:\/\/consultme.no\/wptest\/informacije\/\" class=\"elementor-item\">Informacije<\/a><\/li>\n<li class=\"menu-item menu-item-type-post_type menu-item-object-page menu-item-7117\"><a href=\"https:\/\/consultme.no\/wptest\/kontakt\/\" class=\"elementor-item\">Kontakt<\/a><\/li>\n<li class=\"menu-item menu-item-type-post_type menu-item-object-page menu-item-8120\"><a href=\"https:\/\/consultme.no\/wptest\/uputstvo-2\/\" class=\"elementor-item\">Uputstvo<\/a><\/li>\n<li class=\"menu-item menu-item-type-post_type menu-item-object-page menu-item-8187\"><a href=\"https:\/\/consultme.no\/wptest\/spleis\/\" class=\"elementor-item\">Spleis<\/a><\/li>\n<li class=\"menu-item menu-item-type-post_type menu-item-object-page menu-item-8519\"><a href=\"https:\/\/consultme.no\/wptest\/osiguranje-2\/\" class=\"elementor-item\">Osiguranje<\/a><\/li>\n<\/ul>\t\t\t<\/nav>\n\t\t\t\t\t\t<nav class=\"elementor-nav-menu--dropdown elementor-nav-menu__container\" aria-hidden=\"true\">\n\t\t\t\t<ul id=\"menu-2-42c30f2a\" class=\"elementor-nav-menu\"><li class=\"menu-item menu-item-type-post_type menu-item-object-page menu-item-home menu-item-7114\"><a href=\"https:\/\/consultme.no\/wptest\/\" class=\"elementor-item\" tabindex=\"-1\">Po\u010detna<\/a><\/li>\n<li class=\"menu-item menu-item-type-post_type menu-item-object-page menu-item-7115\"><a href=\"https:\/\/consultme.no\/wptest\/usluge\/\" class=\"elementor-item\" tabindex=\"-1\">Usluge<\/a><\/li>\n<li class=\"menu-item menu-item-type-post_type menu-item-object-page menu-item-7116\"><a href=\"https:\/\/consultme.no\/wptest\/informacije\/\" class=\"elementor-item\" tabindex=\"-1\">Informacije<\/a><\/li>\n<li class=\"menu-item menu-item-type-post_type menu-item-object-page menu-item-7117\"><a href=\"https:\/\/consultme.no\/wptest\/kontakt\/\" class=\"elementor-item\" tabindex=\"-1\">Kontakt<\/a><\/li>\n<li class=\"menu-item menu-item-type-post_type menu-item-object-page menu-item-8120\"><a href=\"https:\/\/consultme.no\/wptest\/uputstvo-2\/\" class=\"elementor-item\" tabindex=\"-1\">Uputstvo<\/a><\/li>\n<li class=\"menu-item menu-item-type-post_type menu-item-object-page menu-item-8187\"><a href=\"https:\/\/consultme.no\/wptest\/spleis\/\" class=\"elementor-item\" tabindex=\"-1\">Spleis<\/a><\/li>\n<li class=\"menu-item menu-item-type-post_type menu-item-object-page menu-item-8519\"><a href=\"https:\/\/consultme.no\/wptest\/osiguranje-2\/\" class=\"elementor-item\" tabindex=\"-1\">Osiguranje<\/a><\/li>\n<\/ul>\t\t\t<\/nav>\n\t\t\t\t<\/div>\n\t\t\t\t<\/div>\n\t\t\t\t\t<\/div>\n\t\t\t\t<\/div>\n\t\t<div class=\"elementor-element elementor-element-2c5bb387 e-flex e-con-boxed e-con e-parent\" data-id=\"2c5bb387\" data-element_type=\"container\" data-core-v316-plus=\"true\">\n\t\t\t\t\t<div class=\"e-con-inner\">\n\t\t\t\t<div class=\"elementor-element elementor-element-4310cbf4 elementor-widget-mobile__width-inherit e-transform elementor-hidden-desktop elementor-widget elementor-widget-global elementor-global-7585 elementor-widget-pp-advanced-menu\" data-id=\"4310cbf4\" data-element_type=\"widget\" data-settings=\"{&quot;show_submenu_on&quot;:&quot;click&quot;,&quot;motion_fx_motion_fx_scrolling&quot;:&quot;yes&quot;,&quot;sticky&quot;:&quot;top&quot;,&quot;sticky_offset_mobile&quot;:0,&quot;_transform_scale_effect_mobile&quot;:{&quot;unit&quot;:&quot;px&quot;,&quot;size&quot;:1.100000000000000088817841970012523233890533447265625,&quot;sizes&quot;:[]},&quot;layout&quot;:&quot;horizontal&quot;,&quot;submenu_icon&quot;:{&quot;value&quot;:&quot;fas fa-caret-down&quot;,&quot;library&quot;:&quot;fa-solid&quot;},&quot;motion_fx_devices&quot;:[&quot;desktop&quot;,&quot;tablet&quot;,&quot;mobile&quot;],&quot;sticky_on&quot;:[&quot;desktop&quot;,&quot;tablet&quot;,&quot;mobile&quot;],&quot;sticky_offset&quot;:0,&quot;sticky_effects_offset&quot;:0,&quot;_transform_scale_effect&quot;:{&quot;unit&quot;:&quot;px&quot;,&quot;size&quot;:&quot;&quot;,&quot;sizes&quot;:[]},&quot;_transform_scale_effect_tablet&quot;:{&quot;unit&quot;:&quot;px&quot;,&quot;size&quot;:&quot;&quot;,&quot;sizes&quot;:[]}}\" data-widget_type=\"pp-advanced-menu.default\">\n\t\t\t\t<div class=\"elementor-widget-container\">\n\t\t\t\n\t\t\t\t<div class=\"pp-advanced-menu-main-wrapper pp-advanced-menu__align-center pp-advanced-menu--dropdown-none pp-advanced-menu--type- pp-advanced-menu__text-align- pp-advanced-menu--toggle pp-advanced-menu--\">\n\t\t\t\t\t\t\t\t<nav id=\"pp-menu-4310cbf4\" class=\"pp-advanced-menu--main pp-advanced-menu__container pp-advanced-menu--layout-horizontal pp--pointer-text e--animation-grow\" data-settings=\"{&quot;menu_id&quot;:&quot;4310cbf4&quot;,&quot;breakpoint&quot;:&quot;none&quot;}\"><ul id=\"menu-djurinac-konsulent\" class=\"pp-advanced-menu\"><li class=\"menu-item menu-item-type-post_type menu-item-object-page menu-item-home menu-item-7114\"><a href=\"https:\/\/consultme.no\/wptest\/\" class=\"pp-menu-item\">Po\u010detna<\/a><\/li>\n<li class=\"menu-item menu-item-type-post_type menu-item-object-page menu-item-7115\"><a href=\"https:\/\/consultme.no\/wptest\/usluge\/\" class=\"pp-menu-item\">Usluge<\/a><\/li>\n<li class=\"menu-item menu-item-type-post_type menu-item-object-page menu-item-7116\"><a href=\"https:\/\/consultme.no\/wptest\/informacije\/\" class=\"pp-menu-item\">Informacije<\/a><\/li>\n<li class=\"menu-item menu-item-type-post_type menu-item-object-page menu-item-7117\"><a href=\"https:\/\/consultme.no\/wptest\/kontakt\/\" class=\"pp-menu-item\">Kontakt<\/a><\/li>\n<li class=\"menu-item menu-item-type-post_type menu-item-object-page menu-item-8120\"><a href=\"https:\/\/consultme.no\/wptest\/uputstvo-2\/\" class=\"pp-menu-item\">Uputstvo<\/a><\/li>\n<li class=\"menu-item menu-item-type-post_type menu-item-object-page menu-item-8187\"><a href=\"https:\/\/consultme.no\/wptest\/spleis\/\" class=\"pp-menu-item\">Spleis<\/a><\/li>\n<li class=\"menu-item menu-item-type-post_type menu-item-object-page menu-item-8519\"><a href=\"https:\/\/consultme.no\/wptest\/osiguranje-2\/\" class=\"pp-menu-item\">Osiguranje<\/a><\/li>\n<\/ul><\/nav>\n\t\t\t\t\t\t\t\t\t\t<\/div>\n\t\t\t\t\t\t<\/div>\n\t\t\t\t<\/div>\n\t\t\t\t\t<\/div>\n\t\t\t\t<\/div>\n\t\t<div class=\"elementor-element elementor-element-3ab1b3c0 e-flex e-con-boxed e-con e-parent\" data-id=\"3ab1b3c0\" data-element_type=\"container\" data-core-v316-plus=\"true\">\n\t\t\t\t\t<div class=\"e-con-inner\">\n\t\t\t\t<div class=\"elementor-element elementor-element-1b7036b8 elementor-widget elementor-widget-heading\" data-id=\"1b7036b8\" data-element_type=\"widget\" data-widget_type=\"heading.default\">\n\t\t\t\t<div class=\"elementor-widget-container\">\n\t\t\t<style>\/*! elementor - v3.20.0 - 26-03-2024 *\/\n.elementor-heading-title{padding:0;margin:0;line-height:1}.elementor-widget-heading .elementor-heading-title[class*=elementor-size-]>a{color:inherit;font-size:inherit;line-height:inherit}.elementor-widget-heading .elementor-heading-title.elementor-size-small{font-size:15px}.elementor-widget-heading .elementor-heading-title.elementor-size-medium{font-size:19px}.elementor-widget-heading .elementor-heading-title.elementor-size-large{font-size:29px}.elementor-widget-heading .elementor-heading-title.elementor-size-xl{font-size:39px}.elementor-widget-heading .elementor-heading-title.elementor-size-xxl{font-size:59px}<\/style><h1 class=\"elementor-heading-title elementor-size-default\">Va\u0161e mi\u0161ljenje nam zna\u010di<\/h1>\t\t<\/div>\n\t\t\t\t<\/div>\n\t\t\t\t\t<\/div>\n\t\t\t\t<\/div>\n\t\t<div class=\"elementor-element elementor-element-2928f66f e-flex e-con-boxed e-con e-parent\" data-id=\"2928f66f\" data-element_type=\"container\" data-core-v316-plus=\"true\">\n\t\t\t\t\t<div class=\"e-con-inner\">\n\t\t\t\t<div class=\"elementor-element elementor-element-4c0dc1 elementor-widget__width-initial elementor-widget elementor-widget-heading\" data-id=\"4c0dc1\" data-element_type=\"widget\" data-widget_type=\"heading.default\">\n\t\t\t\t<div class=\"elementor-widget-container\">\n\t\t\t<p class=\"elementor-heading-title elementor-size-default\">Ostavi svoje mi\u0161ljenje o nekoj na\u0161oj usluzi, pohvalu, kritiku ili predlog. Na osnovu Va\u0161eg mi\u0161ljenja mo\u017eemo unaprediti usluge koje Vam pru\u017eamo.<\/p>\t\t<\/div>\n\t\t\t\t<\/div>\n\t\t\t\t\t<\/div>\n\t\t\t\t<\/div>\n\t\t<div class=\"elementor-element elementor-element-119b755 e-flex e-con-boxed e-con e-parent\" data-id=\"119b755\" data-element_type=\"container\" data-core-v316-plus=\"true\">\n\t\t\t\t\t<div class=\"e-con-inner\">\n\t\t\t\t<div class=\"elementor-element elementor-element-5cde64f pp-formidable-forms-labels-yes pp-formidable-forms-button-custom elementor-widget elementor-widget-pp-formidable-forms\" data-id=\"5cde64f\" data-element_type=\"widget\" data-widget_type=\"pp-formidable-forms.default\">\n\t\t\t\t<div class=\"elementor-widget-container\">\n\t\t\t\t\t\t\t<div class=\"pp-contact-form pp-formidable-forms\">\n\t\t\t\t\t\t\t\t\t\t<div class=\"frm_forms  with_frm_style frm_style_formidable-style\" id=\"frm_form_21_container\" data-token=\"e375c58ed445ce1d22a610df55cacb23\">\n<form enctype=\"multipart\/form-data\" method=\"post\" class=\"frm-show-form  frm_pro_form \" id=\"form_zadovoljstvo\"  data-token=\"e375c58ed445ce1d22a610df55cacb23\">\n<div class=\"frm_form_fields \">\n<fieldset>\n<legend class=\"frm_screen_reader\">Zadovoljstvo<\/legend>\r\n\r\n<div class=\"frm_fields_container\">\n<input type=\"hidden\" name=\"frm_action\" value=\"create\" \/>\n<input type=\"hidden\" name=\"form_id\" value=\"21\" \/>\n<input type=\"hidden\" name=\"frm_hide_fields_21\" id=\"frm_hide_fields_21\" value=\"\" \/>\n<input type=\"hidden\" name=\"form_key\" value=\"zadovoljstvo\" \/>\n<input type=\"hidden\" name=\"item_meta[0]\" value=\"\" \/>\n<input type=\"hidden\" id=\"frm_submit_entry_21\" name=\"frm_submit_entry_21\" value=\"a492c39843\" \/><input type=\"hidden\" name=\"_wp_http_referer\" value=\"\/wptest\/wp-json\/wp\/v2\/pages\/6959\" \/><div id=\"frm_field_679_container\" class=\"frm_form_field form-field  frm_required_field frm_top_container\">\r\n    <label for=\"field_rrgjd\" id=\"field_rrgjd_label\" class=\"frm_primary_label\">Koju uslugu ste koristili?\r\n        <span class=\"frm_required\" aria-hidden=\"true\">*<\/span>\r\n    <\/label>\r\n    <input type=\"text\" id=\"field_rrgjd\" name=\"item_meta[679]\" value=\"\"  data-reqmsg=\"This field cannot be blank.\" aria-required=\"true\" data-invmsg=\"Text is invalid\" aria-invalid=\"false\"  \/>\r\n    \r\n    \r\n<\/div>\n<div id=\"frm_field_682_container\" class=\"frm_form_field form-field  frm_required_field frm_top_container\">\r\n    <label for=\"field_6pxsc\" id=\"field_6pxsc_label\" class=\"frm_primary_label\">Opis\r\n        <span class=\"frm_required\" aria-hidden=\"true\">*<\/span>\r\n    <\/label>\r\n    <input type=\"text\" id=\"field_6pxsc\" name=\"item_meta[682]\" value=\"\"  data-reqmsg=\"This field cannot be blank.\" aria-required=\"true\" data-invmsg=\"Text is invalid\" aria-invalid=\"false\"  \/>\r\n    \r\n    \r\n<\/div>\n<div id=\"frm_field_680_container\" class=\"frm_form_field form-field  frm_required_field frm_top_container\">\r\n    <label for=\"field_tcqqj\" id=\"field_tcqqj_label\" class=\"frm_primary_label\">Ocena \r\n        <span class=\"frm_required\" aria-hidden=\"true\">*<\/span>\r\n    <\/label>\r\n    <div class=\"frm_opt_container\" aria-labelledby=\"field_tcqqj_label\" role=\"group\"><div class=\"frm-star-group\">\n\t\t<input type=\"radio\" name=\"item_meta[680]\" id=\"field_tcqqj-0\" value=\"1\"  data-reqmsg=\"This field cannot be blank.\" aria-required=\"true\" data-invmsg=\"Ocena  is invalid\" aria-invalid=\"false\"   \/><label for=\"field_tcqqj-0\" class=\"star-rating\"><span class=\"frm_screen_reader\">1 Star<\/span><\/label>\n\t\t<input type=\"radio\" name=\"item_meta[680]\" id=\"field_tcqqj-1\" value=\"2\"  data-reqmsg=\"This field cannot be blank.\" aria-required=\"true\" data-invmsg=\"Ocena  is invalid\" aria-invalid=\"false\"   \/><label for=\"field_tcqqj-1\" class=\"star-rating\"><span class=\"frm_screen_reader\">2 Stars<\/span><\/label>\n\t\t<input type=\"radio\" name=\"item_meta[680]\" id=\"field_tcqqj-2\" value=\"3\"  data-reqmsg=\"This field cannot be blank.\" aria-required=\"true\" data-invmsg=\"Ocena  is invalid\" aria-invalid=\"false\"   \/><label for=\"field_tcqqj-2\" class=\"star-rating\"><span class=\"frm_screen_reader\">3 Stars<\/span><\/label>\n\t\t<input type=\"radio\" name=\"item_meta[680]\" id=\"field_tcqqj-3\" value=\"4\"  data-reqmsg=\"This field cannot be blank.\" aria-required=\"true\" data-invmsg=\"Ocena  is invalid\" aria-invalid=\"false\"   \/><label for=\"field_tcqqj-3\" class=\"star-rating\"><span class=\"frm_screen_reader\">4 Stars<\/span><\/label>\n\t\t<input type=\"radio\" name=\"item_meta[680]\" id=\"field_tcqqj-4\" value=\"5\"  data-reqmsg=\"This field cannot be blank.\" aria-required=\"true\" data-invmsg=\"Ocena  is invalid\" aria-invalid=\"false\"   \/><label for=\"field_tcqqj-4\" class=\"star-rating\"><span class=\"frm_screen_reader\">5 Stars<\/span><\/label>\n<div style=\"clear:both;\"><\/div>\n<\/div>\n<\/div>\r\n    \r\n    \r\n<\/div>\n<div id=\"frm_field_681_container\" class=\"frm_form_field form-field  frm_required_field frm_top_container\">\r\n    <label for=\"field_dh04u\" id=\"field_dh04u_label\" class=\"frm_primary_label\">Predlog\/Kritika\/Savet\r\n        <span class=\"frm_required\" aria-hidden=\"true\">*<\/span>\r\n    <\/label>\r\n    <input type=\"text\" id=\"field_dh04u\" name=\"item_meta[681]\" value=\"\"  data-reqmsg=\"This field cannot be blank.\" aria-required=\"true\" data-invmsg=\"Text is invalid\" aria-invalid=\"false\"  \/>\r\n    \r\n    \r\n<\/div>\n\t<input type=\"hidden\" name=\"item_key\" value=\"\" \/>\n\t\t\t\t<div class=\"frm_verify\" aria-hidden=\"true\">\n\t\t\t\t<label for=\"frm_email_21\">\n\t\t\t\t\tIf you are human, leave this field blank.\t\t\t\t<\/label>\n\t\t\t\t<input type=\"text\" class=\"frm_verify\" id=\"frm_email_21\" name=\"frm_verify\" value=\"\"  \/>\n\t\t\t<\/div>\n\t\t<input name=\"frm_state\" type=\"hidden\" value=\"f7ZUBdqGw8IsVigyIACjpNVlPga0a9NHFihuPa8\/2AE=\" \/><div class=\"frm_submit\">\r\n\r\n<button class=\"frm_button_submit frm_final_submit\" type=\"submit\"  >Prosledi<\/button>\r\n\r\n\r\n<\/div><\/div>\n<\/fieldset>\n<\/div>\n<\/form>\n<\/div>\n\t\t\t\t<\/div>\n\t\t\t\t\t\t<\/div>\n\t\t\t\t<\/div>\n\t\t\t\t\t<\/div>\n\t\t\t\t<\/div>\n\t\t<footer class=\"elementor-element elementor-element-35b84769 e-flex e-con-boxed e-con e-parent\" data-id=\"35b84769\" data-element_type=\"container\" data-core-v316-plus=\"true\">\n\t\t\t\t\t<div class=\"e-con-inner\">\n\t\t\t\t<div class=\"elementor-element elementor-element-671948bb elementor-widget elementor-widget-heading\" data-id=\"671948bb\" data-element_type=\"widget\" data-widget_type=\"heading.default\">\n\t\t\t\t<div class=\"elementor-widget-container\">\n\t\t\t<p class=\"elementor-heading-title elementor-size-default\">Djurinac Konsulent<\/p>\t\t<\/div>\n\t\t\t\t<\/div>\n\t\t\t\t<div class=\"elementor-element elementor-element-4ad0084b elementor-widget elementor-widget-heading\" data-id=\"4ad0084b\" data-element_type=\"widget\" data-widget_type=\"heading.default\">\n\t\t\t\t<div class=\"elementor-widget-container\">\n\t\t\t<p class=\"elementor-heading-title elementor-size-default\">Org No.<\/p>\t\t<\/div>\n\t\t\t\t<\/div>\n\t\t\t\t<div class=\"elementor-element elementor-element-674a38b5 elementor-widget elementor-widget-heading\" data-id=\"674a38b5\" data-element_type=\"widget\" data-widget_type=\"heading.default\">\n\t\t\t\t<div class=\"elementor-widget-container\">\n\t\t\t<p class=\"elementor-heading-title elementor-size-default\"><a href=\"file:\/\/\/C:\/Users\/Martin\/AppData\/Local\/Programs\/bstudio\/resources\/app.asar\/app\/index.html?server=https%3A%2F%2Fbootstrapstudio.io&amp;version=6.4.1#\" style=\"color: rgb(52, 58, 64); min-height: 1em; font-family: Raleway, &quot;Helvetica Neue&quot;, Helvetica, Arial, sans-serif; font-size: 16px; font-weight: 400; white-space: normal; background-color: rgb(255, 255, 255); cursor: initial !important; pointer-events: all !important; transition: none 0s ease 0s !important; box-shadow: -1px -1px 1px var(--box-highlight), 1px 1px 1px var(--box-highlight), 0 0 11px var(--box-highlight)  !important; outline: none !important; -webkit-user-modify: read-write !important;\"><span style=\"color: rgb(51, 51, 51); cursor: initial !important; pointer-events: all !important; transition: none 0s ease 0s !important;\">916 140 231<\/span><\/a><\/p>\t\t<\/div>\n\t\t\t\t<\/div>\n\t\t\t\t<div class=\"elementor-element elementor-element-34e2ff1f elementor-widget-divider--view-line elementor-widget elementor-widget-divider\" data-id=\"34e2ff1f\" data-element_type=\"widget\" data-widget_type=\"divider.default\">\n\t\t\t\t<div class=\"elementor-widget-container\">\n\t\t\t<style>\/*! elementor - v3.20.0 - 26-03-2024 *\/\n.elementor-widget-divider{--divider-border-style:none;--divider-border-width:1px;--divider-color:#0c0d0e;--divider-icon-size:20px;--divider-element-spacing:10px;--divider-pattern-height:24px;--divider-pattern-size:20px;--divider-pattern-url:none;--divider-pattern-repeat:repeat-x}.elementor-widget-divider .elementor-divider{display:flex}.elementor-widget-divider .elementor-divider__text{font-size:15px;line-height:1;max-width:95%}.elementor-widget-divider .elementor-divider__element{margin:0 var(--divider-element-spacing);flex-shrink:0}.elementor-widget-divider .elementor-icon{font-size:var(--divider-icon-size)}.elementor-widget-divider .elementor-divider-separator{display:flex;margin:0;direction:ltr}.elementor-widget-divider--view-line_icon .elementor-divider-separator,.elementor-widget-divider--view-line_text .elementor-divider-separator{align-items:center}.elementor-widget-divider--view-line_icon .elementor-divider-separator:after,.elementor-widget-divider--view-line_icon .elementor-divider-separator:before,.elementor-widget-divider--view-line_text .elementor-divider-separator:after,.elementor-widget-divider--view-line_text .elementor-divider-separator:before{display:block;content:\"\";border-block-end:0;flex-grow:1;border-block-start:var(--divider-border-width) var(--divider-border-style) var(--divider-color)}.elementor-widget-divider--element-align-left .elementor-divider .elementor-divider-separator>.elementor-divider__svg:first-of-type{flex-grow:0;flex-shrink:100}.elementor-widget-divider--element-align-left .elementor-divider-separator:before{content:none}.elementor-widget-divider--element-align-left .elementor-divider__element{margin-left:0}.elementor-widget-divider--element-align-right .elementor-divider .elementor-divider-separator>.elementor-divider__svg:last-of-type{flex-grow:0;flex-shrink:100}.elementor-widget-divider--element-align-right .elementor-divider-separator:after{content:none}.elementor-widget-divider--element-align-right .elementor-divider__element{margin-right:0}.elementor-widget-divider--element-align-start .elementor-divider .elementor-divider-separator>.elementor-divider__svg:first-of-type{flex-grow:0;flex-shrink:100}.elementor-widget-divider--element-align-start .elementor-divider-separator:before{content:none}.elementor-widget-divider--element-align-start .elementor-divider__element{margin-inline-start:0}.elementor-widget-divider--element-align-end .elementor-divider .elementor-divider-separator>.elementor-divider__svg:last-of-type{flex-grow:0;flex-shrink:100}.elementor-widget-divider--element-align-end .elementor-divider-separator:after{content:none}.elementor-widget-divider--element-align-end .elementor-divider__element{margin-inline-end:0}.elementor-widget-divider:not(.elementor-widget-divider--view-line_text):not(.elementor-widget-divider--view-line_icon) .elementor-divider-separator{border-block-start:var(--divider-border-width) var(--divider-border-style) var(--divider-color)}.elementor-widget-divider--separator-type-pattern{--divider-border-style:none}.elementor-widget-divider--separator-type-pattern.elementor-widget-divider--view-line .elementor-divider-separator,.elementor-widget-divider--separator-type-pattern:not(.elementor-widget-divider--view-line) .elementor-divider-separator:after,.elementor-widget-divider--separator-type-pattern:not(.elementor-widget-divider--view-line) .elementor-divider-separator:before,.elementor-widget-divider--separator-type-pattern:not([class*=elementor-widget-divider--view]) .elementor-divider-separator{width:100%;min-height:var(--divider-pattern-height);-webkit-mask-size:var(--divider-pattern-size) 100%;mask-size:var(--divider-pattern-size) 100%;-webkit-mask-repeat:var(--divider-pattern-repeat);mask-repeat:var(--divider-pattern-repeat);background-color:var(--divider-color);-webkit-mask-image:var(--divider-pattern-url);mask-image:var(--divider-pattern-url)}.elementor-widget-divider--no-spacing{--divider-pattern-size:auto}.elementor-widget-divider--bg-round{--divider-pattern-repeat:round}.rtl .elementor-widget-divider .elementor-divider__text{direction:rtl}.e-con-inner>.elementor-widget-divider,.e-con>.elementor-widget-divider{width:var(--container-widget-width,100%);--flex-grow:var(--container-widget-flex-grow)}<\/style>\t\t<div class=\"elementor-divider\">\n\t\t\t<span class=\"elementor-divider-separator\">\n\t\t\t\t\t\t<\/span>\n\t\t<\/div>\n\t\t\t\t<\/div>\n\t\t\t\t<\/div>\n\t\t\t\t<div class=\"elementor-element elementor-element-445e8f02 elementor-widget elementor-widget-heading\" data-id=\"445e8f02\" data-element_type=\"widget\" data-widget_type=\"heading.default\">\n\t\t\t\t<div class=\"elementor-widget-container\">\n\t\t\t<h2 class=\"elementor-heading-title elementor-size-default\"><span style=\"color: rgb(78, 93, 120); font-family: Raleway, &quot;Helvetica Neue&quot;, Helvetica, Arial, sans-serif; font-size: 16px; font-weight: 400; white-space: normal;\">Copyright \u00a9 2023 Djurinac Konsulent<\/span><\/h2>\t\t<\/div>\n\t\t\t\t<\/div>\n\t\t\t\t\t<\/div>\n\t\t\t\t<\/footer>\n\t\t\t\t<\/div>\n\t\t","protected":false},"excerpt":{"rendered":"<p>Va\u0161e mi\u0161ljenje nam zna\u010di Ostavi svoje mi\u0161ljenje o nekoj na\u0161oj usluzi, pohvalu, kritiku ili predlog. Na osnovu Va\u0161eg mi\u0161ljenja mo\u017eemo unaprediti usluge koje Vam pru\u017eamo. Zadovoljstvo Koju uslugu ste koristili? * Opis * Ocena * 1 Star 2 Stars 3 Stars 4 Stars 5 Stars Predlog\/Kritika\/Savet * If you are human, leave this field blank. [&hellip;]<\/p>\n","protected":false},"author":1,"featured_media":0,"parent":0,"menu_order":0,"comment_status":"closed","ping_status":"closed","template":"","meta":{"footnotes":""},"class_list":["post-6959","page","type-page","status-publish","hentry"],"_links":{"self":[{"href":"https:\/\/consultme.no\/wptest\/wp-json\/wp\/v2\/pages\/6959","targetHints":{"allow":["GET"]}}],"collection":[{"href":"https:\/\/consultme.no\/wptest\/wp-json\/wp\/v2\/pages"}],"about":[{"href":"https:\/\/consultme.no\/wptest\/wp-json\/wp\/v2\/types\/page"}],"author":[{"embeddable":true,"href":"https:\/\/consultme.no\/wptest\/wp-json\/wp\/v2\/users\/1"}],"replies":[{"embeddable":true,"href":"https:\/\/consultme.no\/wptest\/wp-json\/wp\/v2\/comments?post=6959"}],"version-history":[{"count":0,"href":"https:\/\/consultme.no\/wptest\/wp-json\/wp\/v2\/pages\/6959\/revisions"}],"wp:attachment":[{"href":"https:\/\/consultme.no\/wptest\/wp-json\/wp\/v2\/media?parent=6959"}],"curies":[{"name":"wp","href":"https:\/\/api.w.org\/{rel}","templated":true}]}}