{"id":8518,"date":"2026-02-16T15:01:56","date_gmt":"2026-02-16T15:01:56","guid":{"rendered":"https:\/\/consultme.no\/wptest\/?page_id=8518"},"modified":"2026-02-16T15:01:56","modified_gmt":"2026-02-16T15:01:56","slug":"osiguranje-2","status":"publish","type":"page","link":"https:\/\/consultme.no\/wptest\/osiguranje-2\/","title":{"rendered":"Osiguranje"},"content":{"rendered":"\n<p><strong>Pla\u0107ate li previ\u0161e za auto osiguranje u Norve\u0161koj? \ud83d\ude97<\/strong><\/p>\n\n\n\n<p>Mnogi voza\u010di ne znaju da razlike u cenama mogu biti ogromne \u2013 \u010dak i za isto vozilo i isti bonus.<\/p>\n\n\n\n<p>Ja sam za svoja 2 automobila pla\u0107ao oko <strong>70 000 NOK godi\u0161nje<\/strong>, a nakon promene osiguranja sada pla\u0107am oko <strong>40 000 NOK<\/strong>.<\/p>\n\n\n\n<p>To je u\u0161teda od pribli\u017eno <strong>30 000 NOK godi\u0161nje<\/strong>.<\/p>\n\n\n\n<p>Saradjujemo sa pouzdanim osiguravaju\u0107im ku\u0107ama i poma\u017eemo vam da proverite da li mo\u017eete dobiti bolju cenu \u2013 potpuno besplatno i bez obaveze.<\/p>\n\n\n\n<p>\u2705 Besplatna provera ponude<\/p>\n\n\n\n<p>\u2705 Individualna procena prema va\u0161em vozilu i bonusu<\/p>\n\n\n\n<p>\u2705 Nema obaveze prihvatanja<\/p>\n\n\n\n<p>\u2705 Brz odgovor putem emaila ili SMS-a<\/p>\n\n\n<div class=\"frm_forms  with_frm_style frm_style_formidable-style\" id=\"frm_form_42_container\" data-token=\"5e2c669a162e3bf25a99c45913b6e97f\">\n<form enctype=\"multipart\/form-data\" method=\"post\" class=\"frm-show-form  frm_pro_form \" id=\"form_osiguranjedirekno\"  data-token=\"5e2c669a162e3bf25a99c45913b6e97f\">\n<div class=\"frm_form_fields \">\n<fieldset>\n<legend class=\"frm_screen_reader\">Osiguranje direkno<\/legend>\r\n\r\n<div class=\"frm_fields_container\">\n<input type=\"hidden\" name=\"frm_action\" value=\"create\" \/>\n<input type=\"hidden\" name=\"form_id\" value=\"42\" \/>\n<input type=\"hidden\" name=\"frm_hide_fields_42\" id=\"frm_hide_fields_42\" value=\"\" \/>\n<input type=\"hidden\" name=\"form_key\" value=\"osiguranjedirekno\" \/>\n<input type=\"hidden\" name=\"item_meta[0]\" value=\"\" \/>\n<input type=\"hidden\" id=\"frm_submit_entry_42\" name=\"frm_submit_entry_42\" value=\"507bba84bc\" \/><input type=\"hidden\" name=\"_wp_http_referer\" value=\"\/wptest\/wp-json\/wp\/v2\/pages\/8518\" \/><div id=\"frm_field_1356_container\" class=\"frm_form_field form-field  frm_required_field frm_top_container frm6 frm_first\">\r\n    <label for=\"field_ngzdr\" id=\"field_ngzdr_label\" class=\"frm_primary_label\">Ime\r\n        <span class=\"frm_required\" aria-hidden=\"true\">*<\/span>\r\n    <\/label>\r\n    <input type=\"text\" id=\"field_ngzdr\" name=\"item_meta[1356]\" value=\"\"  data-reqmsg=\"This field cannot be blank.\" aria-required=\"true\" data-invmsg=\"Text is invalid\" aria-invalid=\"false\"  \/>\r\n    \r\n    \r\n<\/div>\n<div id=\"frm_field_1357_container\" class=\"frm_form_field form-field  frm_required_field frm_top_container frm6\">\r\n    <label for=\"field_9pl8n\" id=\"field_9pl8n_label\" class=\"frm_primary_label\">Prezime\r\n        <span class=\"frm_required\" aria-hidden=\"true\">*<\/span>\r\n    <\/label>\r\n    <input type=\"text\" id=\"field_9pl8n\" name=\"item_meta[1357]\" value=\"\"  data-reqmsg=\"This field cannot be blank.\" aria-required=\"true\" data-invmsg=\"Text is invalid\" aria-invalid=\"false\"  \/>\r\n    \r\n    \r\n<\/div>\n<div id=\"frm_field_1358_container\" class=\"frm_form_field form-field  frm_required_field frm_top_container frm12 frm_first\">\r\n    <label for=\"field_ej1ci\" id=\"field_ej1ci_label\" class=\"frm_primary_label\">Ulica i Broj\r\n        <span class=\"frm_required\" aria-hidden=\"true\">*<\/span>\r\n    <\/label>\r\n    <input type=\"text\" id=\"field_ej1ci\" name=\"item_meta[1358]\" value=\"\"  data-reqmsg=\"This field cannot be blank.\" aria-required=\"true\" data-invmsg=\"Text is invalid\" aria-invalid=\"false\"  \/>\r\n    \r\n    \r\n<\/div>\n<div id=\"frm_field_1359_container\" class=\"frm_form_field form-field  frm_required_field frm_top_container frm6 frm_first\">\r\n    <label for=\"field_cledg\" id=\"field_cledg_label\" class=\"frm_primary_label\">Broj poste\r\n        <span class=\"frm_required\" aria-hidden=\"true\">*<\/span>\r\n    <\/label>\r\n    <input type=\"number\" id=\"field_cledg\" name=\"item_meta[1359]\" value=\"\"  data-reqmsg=\"This field cannot be blank.\" aria-required=\"true\" data-invmsg=\"Number is invalid\" aria-invalid=\"false\"   min=\"0001\" max=\"9999\" step=\"any\"\/>\r\n    \r\n    \r\n<\/div>\n<div id=\"frm_field_1360_container\" class=\"frm_form_field form-field  frm_required_field frm_top_container frm6\">\r\n    <label for=\"field_pfp6u\" id=\"field_pfp6u_label\" class=\"frm_primary_label\">Grad\r\n        <span class=\"frm_required\" aria-hidden=\"true\">*<\/span>\r\n    <\/label>\r\n    <input type=\"text\" id=\"field_pfp6u\" name=\"item_meta[1360]\" value=\"\"  data-reqmsg=\"This field cannot be blank.\" aria-required=\"true\" data-invmsg=\"Text is invalid\" aria-invalid=\"false\"  \/>\r\n    \r\n    \r\n<\/div>\n<div id=\"frm_field_1372_container\" class=\"frm_form_field form-field  frm_required_field frm_top_container\">\n    <label for=\"field_oz5am\" id=\"field_oz5am_label\" class=\"frm_primary_label\">Br. telefona\n        <span class=\"frm_required\" aria-hidden=\"true\">*<\/span>\n    <\/label>\n    <input type=\"number\" id=\"field_oz5am\" name=\"item_meta[1372]\" value=\"\"  data-reqmsg=\"This field cannot be blank.\" aria-required=\"true\" data-invmsg=\"Number is invalid\" aria-invalid=\"false\"   min=\"0\" max=\"1234567890123456\" step=\"any\"\/>\n    \n    \n<\/div>\n<div id=\"frm_field_1363_container\" class=\"frm_form_field form-field  frm_required_field frm_top_container\">\r\n    <label for=\"field_hn1kg\" id=\"field_hn1kg_label\" class=\"frm_primary_label\">Email\r\n        <span class=\"frm_required\" aria-hidden=\"true\">*<\/span>\r\n    <\/label>\r\n    <input type=\"email\" id=\"field_hn1kg\" name=\"item_meta[1363]\" value=\"\"  data-reqmsg=\"This field cannot be blank.\" aria-required=\"true\" data-invmsg=\"Email is invalid\" aria-invalid=\"false\"  \/>\r\n    \r\n    \r\n<\/div>\n<div id=\"frm_field_1361_container\" class=\"frm_form_field form-field  frm_embed_form_container\">\r\n<input type=\"hidden\" name=\"item_meta[1361][form]\" value=\"26\" class=\"frm_dnc\" \/>\n\t\t\t<div id=\"frm_section_1361-0\" class=\"frm_repeat_sec frm_repeat_1361 frm_first_repeat frm_grid_container\">\n<input type=\"hidden\" name=\"item_meta[1361][row_ids][]\" value=\"0\" \/><input type=\"hidden\" name=\"item_meta[1361][0][0]\" value=\"\" \/><div id=\"frm_field_726-1361-0_container\" class=\"frm_form_field form-field  frm_required_field frm_top_container vertical_radio frm_field_726_container\">\r\n    <div  id=\"field_5kcws-0_label\" class=\"frm_primary_label\">\u017delim da osiguram\r\n        <span class=\"frm_required\" aria-hidden=\"true\">*<\/span>\r\n    <\/div>\r\n    <div class=\"frm_opt_container\" aria-labelledby=\"field_5kcws-0_label\" role=\"group\">\t\t<div class=\"frm_checkbox\" id=\"frm_checkbox_726-0\"><label for=\"field_5kcws-0-0\"><input type=\"checkbox\" name=\"item_meta[1361][0][726][]\" id=\"field_5kcws-0-0\" value=\"Bil 1\"  data-frmlimit=\"3\"  data-reqmsg=\"This field cannot be blank.\" aria-required=\"true\" data-invmsg=\"\u017delim da osiguram is invalid\" aria-invalid=\"false\"   \/> Bil 1<\/label><\/div>\n\t\t<div class=\"frm_checkbox\" id=\"frm_checkbox_726-5\"><label for=\"field_5kcws-0-5\"><input type=\"checkbox\" name=\"item_meta[1361][0][726][]\" id=\"field_5kcws-0-5\" value=\"Bil 2\"  data-frmlimit=\"3\"  data-reqmsg=\"This field cannot be blank.\" aria-required=\"true\" data-invmsg=\"\u017delim da osiguram is invalid\" aria-invalid=\"false\"   \/> Bil 2<\/label><\/div>\n\t\t<div class=\"frm_checkbox\" id=\"frm_checkbox_726-1\"><label for=\"field_5kcws-0-1\"><input type=\"checkbox\" name=\"item_meta[1361][0][726][]\" id=\"field_5kcws-0-1\" value=\"Innboforsikring\"  data-frmlimit=\"3\"  data-reqmsg=\"This field cannot be blank.\" aria-required=\"true\" data-invmsg=\"\u017delim da osiguram is invalid\" aria-invalid=\"false\"   \/> Innboforsikring<\/label><\/div>\n\t\t<div class=\"frm_checkbox\" id=\"frm_checkbox_726-3\"><label for=\"field_5kcws-0-3\"><input type=\"checkbox\" name=\"item_meta[1361][0][726][]\" id=\"field_5kcws-0-3\" value=\"Reiseforsikring\"  data-frmlimit=\"3\"  data-reqmsg=\"This field cannot be blank.\" aria-required=\"true\" data-invmsg=\"\u017delim da osiguram is invalid\" aria-invalid=\"false\"   \/> Reiseforsikring<\/label><\/div>\n<\/div>\r\n    \r\n    \r\n<\/div>\n<div id=\"frm_field_727-1361-0_container\" class=\"frm_form_field form-field  frm_required_field frm_top_container frm4 frm_first frm_field_727_container\">\r\n    <label for=\"field_232cn-0\" id=\"field_232cn-0_label\" class=\"frm_primary_label\">Registarski broj auta\r\n        <span class=\"frm_required\" aria-hidden=\"true\">*<\/span>\r\n    <\/label>\r\n    <input type=\"text\" id=\"field_232cn-0\" name=\"item_meta[1361][0][727]\" value=\"\"  data-reqmsg=\"This field cannot be blank.\" aria-required=\"true\" data-invmsg=\"Text is invalid\" aria-invalid=\"false\"  \/>\r\n    \r\n    \r\n<\/div>\n<div id=\"frm_field_728-1361-0_container\" class=\"frm_form_field form-field  frm_required_field frm_top_container frm4 frm_field_728_container\">\r\n    <label for=\"field_hp91y-0\" id=\"field_hp91y-0_label\" class=\"frm_primary_label\">Tip osiguranja\r\n        <span class=\"frm_required\" aria-hidden=\"true\">*<\/span>\r\n    <\/label>\r\n    \t\t<select name=\"item_meta[1361][0][728]\" id=\"field_hp91y-0\"  data-frmval=\"Kasko\" data-reqmsg=\"This field cannot be blank.\" aria-required=\"true\" data-invmsg=\"Tip osiguranja is invalid\" aria-invalid=\"false\"  >\n\t\t\t\t<option  value=\"Ansvar\">\n\t\t\tAnsvar\t\t<\/option>\n\t\t\t\t<option  value=\"Delkasko\">\n\t\t\tDelkasko\t\t<\/option>\n\t\t\t\t<option  value=\"Kasko\" selected=\"selected\">\n\t\t\tKasko\t\t<\/option>\n\t\t\t\t<option  value=\"Super-Kasko\">\n\t\t\tSuper-Kasko\t\t<\/option>\n\t\t\t<\/select>\n\t\r\n    \r\n    \r\n<\/div>\n<div id=\"frm_field_729-1361-0_container\" class=\"frm_form_field form-field  frm_required_field frm_top_container frm4 frm_field_729_container\">\r\n    <label for=\"field_k9uz7-0\" id=\"field_k9uz7-0_label\" class=\"frm_primary_label\">Koliko imate bonus\r\n        <span class=\"frm_required\" aria-hidden=\"true\">*<\/span>\r\n    <\/label>\r\n    \t\t<select name=\"item_meta[1361][0][729]\" id=\"field_k9uz7-0\"  data-frmval=\"60%\" data-reqmsg=\"This field cannot be blank.\" aria-required=\"true\" data-invmsg=\"Koliko imate bonus is invalid\" aria-invalid=\"false\"  >\n\t\t\t\t<option  value=\"0%\">\n\t\t\t0%\t\t<\/option>\n\t\t\t\t<option  value=\"10%\">\n\t\t\t10%\t\t<\/option>\n\t\t\t\t<option  value=\"20%\">\n\t\t\t20%\t\t<\/option>\n\t\t\t\t<option  value=\"30%\">\n\t\t\t30%\t\t<\/option>\n\t\t\t\t<option  value=\"40%\">\n\t\t\t40%\t\t<\/option>\n\t\t\t\t<option  value=\"50%\">\n\t\t\t50%\t\t<\/option>\n\t\t\t\t<option  value=\"60%\" selected=\"selected\">\n\t\t\t60%\t\t<\/option>\n\t\t\t\t<option  value=\"70% 1 \u00e5r\">\n\t\t\t70% 1 \u00e5r\t\t<\/option>\n\t\t\t\t<option  value=\"70% 2 \u00e5r\">\n\t\t\t70% 2 \u00e5r\t\t<\/option>\n\t\t\t\t<option  value=\"70% 3 \u00e5r\">\n\t\t\t70% 3 \u00e5r\t\t<\/option>\n\t\t\t\t<option  value=\"75% 1 \u00e5r\">\n\t\t\t75% 1 \u00e5r\t\t<\/option>\n\t\t\t\t<option  value=\"75% 2 \u00e5r\">\n\t\t\t75% 2 \u00e5r\t\t<\/option>\n\t\t\t\t<option  value=\"75% 3 \u00e5r\">\n\t\t\t75% 3 \u00e5r\t\t<\/option>\n\t\t\t\t<option  value=\"75% 3+ \u00e5r\">\n\t\t\t75% 3+ \u00e5r\t\t<\/option>\n\t\t\t<\/select>\n\t\r\n    \r\n    \r\n<\/div>\n<div id=\"frm_field_732-1361-0_container\" class=\"frm_form_field form-field  frm_required_field frm_top_container frm3 frm_first frm_field_732_container\">\r\n    <label for=\"field_7oefg-0\" id=\"field_7oefg-0_label\" class=\"frm_primary_label\">Dali ce auto voziti mladja osoba od 23 godina:\r\n        <span class=\"frm_required\" aria-hidden=\"true\">*<\/span>\r\n    <\/label>\r\n    \t\t<select name=\"item_meta[1361][0][732]\" id=\"field_7oefg-0\"  data-frmval=\"Ne, ne\u0107e\" data-reqmsg=\"This field cannot be blank.\" aria-required=\"true\" data-invmsg=\"Dali ce auto voziti mladja osoba od 23 godina: is invalid\" aria-invalid=\"false\"  >\n\t\t\t\t<option  value=\"Da, ho\u0107e\">\n\t\t\tDa, ho\u0107e\t\t<\/option>\n\t\t\t\t<option  value=\"Ne, ne\u0107e\" selected=\"selected\">\n\t\t\tNe, ne\u0107e\t\t<\/option>\n\t\t\t<\/select>\n\t\r\n    \r\n    \r\n<\/div>\n<div id=\"frm_field_1352-1361-0_container\" class=\"frm_form_field form-field  frm_required_field frm_top_container frm3 frm_field_1352_container\">\r\n    <label for=\"field_d19qf-0\" id=\"field_d19qf-0_label\" class=\"frm_primary_label\">Koliko ste nesreca imali zadnjih 3 godina\r\n        <span class=\"frm_required\" aria-hidden=\"true\">*<\/span>\r\n    <\/label>\r\n    \t\t<select name=\"item_meta[1361][0][1352]\" id=\"field_d19qf-0\"  data-frmval=\"0\" data-reqmsg=\"This field cannot be blank.\" aria-required=\"true\" data-invmsg=\"Koliko ste nesreca imali zadnjih 3 godina is invalid\" aria-invalid=\"false\"  >\n\t\t\t\t<option  value=\"0\" selected=\"selected\">\n\t\t\t0\t\t<\/option>\n\t\t\t\t<option  value=\"1\">\n\t\t\t1\t\t<\/option>\n\t\t\t\t<option  value=\"2\">\n\t\t\t2\t\t<\/option>\n\t\t\t\t<option  value=\"3+\">\n\t\t\t3+\t\t<\/option>\n\t\t\t<\/select>\n\t\r\n    \r\n    \r\n<\/div>\n<div id=\"frm_field_1355-1361-0_container\" class=\"frm_form_field form-field  frm_required_field frm_top_container frm3 frm_field_1355_container\">\r\n    <label for=\"field_mq3bv-0\" id=\"field_mq3bv-0_label\" class=\"frm_primary_label\">Koliko KM prelazite za 1 god.?\r\n        <span class=\"frm_required\" aria-hidden=\"true\">*<\/span>\r\n    <\/label>\r\n    \t\t<select name=\"item_meta[1361][0][1355]\" id=\"field_mq3bv-0\"  data-frmval=\"12000\" data-reqmsg=\"This field cannot be blank.\" aria-required=\"true\" data-invmsg=\"Koliko KM prelazite za 1 god.? is invalid\" aria-invalid=\"false\"  >\n\t\t\t\t<option  value=\"5000\">\n\t\t\t5000\t\t<\/option>\n\t\t\t\t<option  value=\"8000\">\n\t\t\t8000\t\t<\/option>\n\t\t\t\t<option  value=\"12000\" selected=\"selected\">\n\t\t\t12000\t\t<\/option>\n\t\t\t\t<option  value=\"16000\">\n\t\t\t16000\t\t<\/option>\n\t\t\t\t<option  value=\"20000\">\n\t\t\t20000\t\t<\/option>\n\t\t\t\t<option  value=\"25000\">\n\t\t\t25000\t\t<\/option>\n\t\t\t\t<option  value=\"30000\">\n\t\t\t30000\t\t<\/option>\n\t\t\t\t<option  value=\"40000\">\n\t\t\t40000\t\t<\/option>\n\t\t\t\t<option  value=\"50000\">\n\t\t\t50000\t\t<\/option>\n\t\t\t<\/select>\n\t\r\n    \r\n    \r\n<\/div>\n<div id=\"frm_field_1354-1361-0_container\" class=\"frm_form_field form-field  frm_required_field frm_top_container frm3 frm_field_1354_container\">\r\n    <label for=\"field_1douy-0\" id=\"field_1douy-0_label\" class=\"frm_primary_label\">Koliko zelite da platitie egenandel ukoliko imate nesrecu? \r\n        <span class=\"frm_required\" aria-hidden=\"true\">*<\/span>\r\n    <\/label>\r\n    \t\t<select name=\"item_meta[1361][0][1354]\" id=\"field_1douy-0\"  data-frmval=\"6000\" data-reqmsg=\"This field cannot be blank.\" aria-required=\"true\" data-invmsg=\"Koliko zelite da platitie egenandel ukoliko imate nesrecu?  is invalid\" aria-invalid=\"false\"  >\n\t\t\t\t<option  value=\"4000\">\n\t\t\t4000\t\t<\/option>\n\t\t\t\t<option  value=\"6000\" selected=\"selected\">\n\t\t\t6000\t\t<\/option>\n\t\t\t\t<option  value=\"8000\">\n\t\t\t8000\t\t<\/option>\n\t\t\t\t<option  value=\"12000\">\n\t\t\t12000\t\t<\/option>\n\t\t\t<\/select>\n\t\r\n    <div class=\"frm_description\" id=\"frm_desc_field_1douy-0\">sto je veci egenandel, to je jeftinije osiguranje. Ukoliko zelite da uporedimo sa tim koji imate, najbolje je da stavite koliko vam je danas egenandel. <\/div>\r\n    \r\n<\/div>\n<div id=\"frm_field_1371-1361-0_container\" class=\"frm_form_field  frm_html_container frm_field_1371_container form-field\">\n<h1 style=\"text-align: center;\"><strong>Bil nr. 2<\/strong><\/h1>\n<\/div>\n<div id=\"frm_field_1364-1361-0_container\" class=\"frm_form_field form-field  frm_required_field frm_top_container frm12 frm4 frm_first frm_field_1364_container\">\r\n    <label for=\"field_6464d-0\" id=\"field_6464d-0_label\" class=\"frm_primary_label\">Registarski broj auta 2\r\n        <span class=\"frm_required\" aria-hidden=\"true\">*<\/span>\r\n    <\/label>\r\n    <input type=\"text\" id=\"field_6464d-0\" name=\"item_meta[1361][0][1364]\" value=\"\"  data-reqmsg=\"This field cannot be blank.\" aria-required=\"true\" data-invmsg=\"Text is invalid\" aria-invalid=\"false\"  \/>\r\n    \r\n    \r\n<\/div>\n<div id=\"frm_field_1365-1361-0_container\" class=\"frm_form_field form-field  frm_required_field frm_top_container frm4 frm6 frm_field_1365_container\">\r\n    <label for=\"field_zjolq-0\" id=\"field_zjolq-0_label\" class=\"frm_primary_label\">Tip osiguranja 2\r\n        <span class=\"frm_required\" aria-hidden=\"true\">*<\/span>\r\n    <\/label>\r\n    \t\t<select name=\"item_meta[1361][0][1365]\" id=\"field_zjolq-0\"  data-frmval=\"Kasko\" data-reqmsg=\"This field cannot be blank.\" aria-required=\"true\" data-invmsg=\"Tip osiguranja 2 is invalid\" aria-invalid=\"false\"  >\n\t\t\t\t<option  value=\"Ansvar\">\n\t\t\tAnsvar\t\t<\/option>\n\t\t\t\t<option  value=\"Delkasko\">\n\t\t\tDelkasko\t\t<\/option>\n\t\t\t\t<option  value=\"Kasko\" selected=\"selected\">\n\t\t\tKasko\t\t<\/option>\n\t\t\t\t<option  value=\"Super-Kasko\">\n\t\t\tSuper-Kasko\t\t<\/option>\n\t\t\t<\/select>\n\t\r\n    \r\n    \r\n<\/div>\n<div id=\"frm_field_1366-1361-0_container\" class=\"frm_form_field form-field  frm_required_field frm_top_container frm4 frm_field_1366_container\">\r\n    <label for=\"field_8b052-0\" id=\"field_8b052-0_label\" class=\"frm_primary_label\">Koliko imate bonus 2\r\n        <span class=\"frm_required\" aria-hidden=\"true\">*<\/span>\r\n    <\/label>\r\n    \t\t<select name=\"item_meta[1361][0][1366]\" id=\"field_8b052-0\"  data-frmval=\"60%\" data-reqmsg=\"This field cannot be blank.\" aria-required=\"true\" data-invmsg=\"Koliko imate bonus 2 is invalid\" aria-invalid=\"false\"  >\n\t\t\t\t<option  value=\"0%\">\n\t\t\t0%\t\t<\/option>\n\t\t\t\t<option  value=\"10%\">\n\t\t\t10%\t\t<\/option>\n\t\t\t\t<option  value=\"20%\">\n\t\t\t20%\t\t<\/option>\n\t\t\t\t<option  value=\"30%\">\n\t\t\t30%\t\t<\/option>\n\t\t\t\t<option  value=\"40%\">\n\t\t\t40%\t\t<\/option>\n\t\t\t\t<option  value=\"50%\">\n\t\t\t50%\t\t<\/option>\n\t\t\t\t<option  value=\"60%\" selected=\"selected\">\n\t\t\t60%\t\t<\/option>\n\t\t\t\t<option  value=\"70% 1 \u00e5r\">\n\t\t\t70% 1 \u00e5r\t\t<\/option>\n\t\t\t\t<option  value=\"70% 2 \u00e5r\">\n\t\t\t70% 2 \u00e5r\t\t<\/option>\n\t\t\t\t<option  value=\"70% 3 \u00e5r\">\n\t\t\t70% 3 \u00e5r\t\t<\/option>\n\t\t\t\t<option  value=\"75% 1 \u00e5r\">\n\t\t\t75% 1 \u00e5r\t\t<\/option>\n\t\t\t\t<option  value=\"75% 2 \u00e5r\">\n\t\t\t75% 2 \u00e5r\t\t<\/option>\n\t\t\t\t<option  value=\"75% 3 \u00e5r\">\n\t\t\t75% 3 \u00e5r\t\t<\/option>\n\t\t\t\t<option  value=\"75% 3+ \u00e5r\">\n\t\t\t75% 3+ \u00e5r\t\t<\/option>\n\t\t\t<\/select>\n\t\r\n    \r\n    \r\n<\/div>\n<div id=\"frm_field_1367-1361-0_container\" class=\"frm_form_field form-field  frm_required_field frm_top_container frm3 frm12 frm_first frm_field_1367_container\">\r\n    <label for=\"field_cln1l-0\" id=\"field_cln1l-0_label\" class=\"frm_primary_label\">Dali ce auto voziti mladja osoba od 23 godina:\r\n        <span class=\"frm_required\" aria-hidden=\"true\">*<\/span>\r\n    <\/label>\r\n    \t\t<select name=\"item_meta[1361][0][1367]\" id=\"field_cln1l-0\"  data-frmval=\"Ne, ne\u0107e\" data-reqmsg=\"This field cannot be blank.\" aria-required=\"true\" data-invmsg=\"Dali ce auto voziti mladja osoba od 23 godina: is invalid\" aria-invalid=\"false\"  >\n\t\t\t\t<option  value=\"Da, ho\u0107e\">\n\t\t\tDa, ho\u0107e\t\t<\/option>\n\t\t\t\t<option  value=\"Ne, ne\u0107e\" selected=\"selected\">\n\t\t\tNe, ne\u0107e\t\t<\/option>\n\t\t\t<\/select>\n\t\r\n    \r\n    \r\n<\/div>\n<div id=\"frm_field_1368-1361-0_container\" class=\"frm_form_field form-field  frm_required_field frm_top_container frm3 frm6 frm_field_1368_container\">\r\n    <label for=\"field_o7spo-0\" id=\"field_o7spo-0_label\" class=\"frm_primary_label\">Koliko ste nesreca imali zadnjih 3 godina\r\n        <span class=\"frm_required\" aria-hidden=\"true\">*<\/span>\r\n    <\/label>\r\n    \t\t<select name=\"item_meta[1361][0][1368]\" id=\"field_o7spo-0\"  data-frmval=\"0\" data-reqmsg=\"This field cannot be blank.\" aria-required=\"true\" data-invmsg=\"Koliko ste nesreca imali zadnjih 3 godina is invalid\" aria-invalid=\"false\"  >\n\t\t\t\t<option  value=\"0\" selected=\"selected\">\n\t\t\t0\t\t<\/option>\n\t\t\t\t<option  value=\"1\">\n\t\t\t1\t\t<\/option>\n\t\t\t\t<option  value=\"2\">\n\t\t\t2\t\t<\/option>\n\t\t\t\t<option  value=\"3+\">\n\t\t\t3+\t\t<\/option>\n\t\t\t<\/select>\n\t\r\n    \r\n    \r\n<\/div>\n<div id=\"frm_field_1369-1361-0_container\" class=\"frm_form_field form-field  frm_required_field frm_top_container frm3 frm4 frm_field_1369_container\">\r\n    <label for=\"field_g6qw7-0\" id=\"field_g6qw7-0_label\" class=\"frm_primary_label\">Koliko KM prelazite za 1 god.?\r\n        <span class=\"frm_required\" aria-hidden=\"true\">*<\/span>\r\n    <\/label>\r\n    \t\t<select name=\"item_meta[1361][0][1369]\" id=\"field_g6qw7-0\"  data-frmval=\"12000\" data-reqmsg=\"This field cannot be blank.\" aria-required=\"true\" data-invmsg=\"Koliko KM prelazite za 1 god.? is invalid\" aria-invalid=\"false\"  >\n\t\t\t\t<option  value=\"5000\">\n\t\t\t5000\t\t<\/option>\n\t\t\t\t<option  value=\"8000\">\n\t\t\t8000\t\t<\/option>\n\t\t\t\t<option  value=\"12000\" selected=\"selected\">\n\t\t\t12000\t\t<\/option>\n\t\t\t\t<option  value=\"16000\">\n\t\t\t16000\t\t<\/option>\n\t\t\t\t<option  value=\"20000\">\n\t\t\t20000\t\t<\/option>\n\t\t\t\t<option  value=\"25000\">\n\t\t\t25000\t\t<\/option>\n\t\t\t\t<option  value=\"30000\">\n\t\t\t30000\t\t<\/option>\n\t\t\t\t<option  value=\"40000\">\n\t\t\t40000\t\t<\/option>\n\t\t\t\t<option  value=\"50000\">\n\t\t\t50000\t\t<\/option>\n\t\t\t<\/select>\n\t\r\n    \r\n    \r\n<\/div>\n<div id=\"frm_field_1370-1361-0_container\" class=\"frm_form_field form-field  frm_required_field frm_top_container frm3 frm_field_1370_container\">\r\n    <label for=\"field_tmeo2-0\" id=\"field_tmeo2-0_label\" class=\"frm_primary_label\">Koliko zelite da platitie egenandel ukoliko imate nesrecu? \r\n        <span class=\"frm_required\" aria-hidden=\"true\">*<\/span>\r\n    <\/label>\r\n    \t\t<select name=\"item_meta[1361][0][1370]\" id=\"field_tmeo2-0\"  data-frmval=\"6000\" data-reqmsg=\"This field cannot be blank.\" aria-required=\"true\" data-invmsg=\"Koliko zelite da platitie egenandel ukoliko imate nesrecu?  is invalid\" aria-invalid=\"false\"  >\n\t\t\t\t<option  value=\"4000\">\n\t\t\t4000\t\t<\/option>\n\t\t\t\t<option  value=\"6000\" selected=\"selected\">\n\t\t\t6000\t\t<\/option>\n\t\t\t\t<option  value=\"8000\">\n\t\t\t8000\t\t<\/option>\n\t\t\t\t<option  value=\"12000\">\n\t\t\t12000\t\t<\/option>\n\t\t\t<\/select>\n\t\r\n    <div class=\"frm_description\" id=\"frm_desc_field_tmeo2-0\">sto je veci egenandel, to je jeftinije osiguranje. Ukoliko zelite da uporedimo sa tim koji imate, najbolje je da stavite koliko vam je danas egenandel. <\/div>\r\n    \r\n<\/div>\n<div id=\"frm_field_735-1361-0_container\" class=\"frm_form_field frm_section_heading form-field  frm_field_735_container\">\r\n<h3 class=\"frm_pos_top frm_section_spacing\">Innboforsikring<\/h3>\r\n\r\n\r\n<div id=\"frm_field_1350-1361-0_container\" class=\"frm_form_field form-field  frm_required_field frm_top_container frm_field_1350_container\">\r\n    <label for=\"field_cro6r-0\" id=\"field_cro6r-0_label\" class=\"frm_primary_label\">Koju vrednost u kuci zelite osigurati? Najcesce je to npr. 100 000 nok. (to se smatraju stvari koje su pokretljive i nisu u zidu). \r\n        <span class=\"frm_required\" aria-hidden=\"true\">*<\/span>\r\n    <\/label>\r\n    <input type=\"number\" id=\"field_cro6r-0\" name=\"item_meta[1361][0][1350]\" value=\"\"  data-sectionid=\"735\" data-reqmsg=\"This field cannot be blank.\" aria-required=\"true\" data-invmsg=\"Number is invalid\" aria-invalid=\"false\"   min=\"50000\" max=\"9999999\" step=\"any\"\/>\r\n    \r\n    \r\n<\/div>\n<\/div>\n<\/div>\n\r\n<\/div>\n\t<input type=\"hidden\" name=\"item_key\" value=\"\" \/>\n\t\t\t\t<div class=\"frm_verify\" aria-hidden=\"true\">\n\t\t\t\t<label for=\"frm_email_42\">\n\t\t\t\t\tIf you are human, leave this field blank.\t\t\t\t<\/label>\n\t\t\t\t<input type=\"text\" class=\"frm_verify\" id=\"frm_email_42\" name=\"frm_verify\" value=\"\"  \/>\n\t\t\t<\/div>\n\t\t<input name=\"frm_state\" type=\"hidden\" value=\"2FLu9KEW+JMgf3XhmmalDOAhgZI+bcfLM8J4lV7Bv+w=\" \/><div class=\"frm_submit\">\r\n\r\n<button class=\"frm_button_submit frm_final_submit\" type=\"submit\"   formnovalidate=\"formnovalidate\">Submit<\/button>\r\n\r\n\r\n<\/div><\/div>\n<\/fieldset>\n<\/div>\n<\/form>\n<\/div>\n","protected":false},"excerpt":{"rendered":"<p>Pla\u0107ate li previ\u0161e za auto osiguranje u Norve\u0161koj? \ud83d\ude97 Mnogi voza\u010di ne znaju da razlike u cenama mogu biti ogromne \u2013 \u010dak i za isto vozilo i isti bonus. Ja sam za svoja 2 automobila pla\u0107ao oko 70 000 NOK godi\u0161nje, a nakon promene osiguranja sada pla\u0107am oko 40 000 NOK. To je u\u0161teda od [&hellip;]<\/p>\n","protected":false},"author":1,"featured_media":0,"parent":0,"menu_order":0,"comment_status":"closed","ping_status":"closed","template":"","meta":{"footnotes":""},"class_list":["post-8518","page","type-page","status-publish","hentry"],"_links":{"self":[{"href":"https:\/\/consultme.no\/wptest\/wp-json\/wp\/v2\/pages\/8518","targetHints":{"allow":["GET"]}}],"collection":[{"href":"https:\/\/consultme.no\/wptest\/wp-json\/wp\/v2\/pages"}],"about":[{"href":"https:\/\/consultme.no\/wptest\/wp-json\/wp\/v2\/types\/page"}],"author":[{"embeddable":true,"href":"https:\/\/consultme.no\/wptest\/wp-json\/wp\/v2\/users\/1"}],"replies":[{"embeddable":true,"href":"https:\/\/consultme.no\/wptest\/wp-json\/wp\/v2\/comments?post=8518"}],"version-history":[{"count":1,"href":"https:\/\/consultme.no\/wptest\/wp-json\/wp\/v2\/pages\/8518\/revisions"}],"predecessor-version":[{"id":8520,"href":"https:\/\/consultme.no\/wptest\/wp-json\/wp\/v2\/pages\/8518\/revisions\/8520"}],"wp:attachment":[{"href":"https:\/\/consultme.no\/wptest\/wp-json\/wp\/v2\/media?parent=8518"}],"curies":[{"name":"wp","href":"https:\/\/api.w.org\/{rel}","templated":true}]}}